{"id":4,"date":"2020-12-18T16:01:06","date_gmt":"2020-12-18T15:01:06","guid":{"rendered":"http:\/\/datenschloss.eu\/willkommen-auf-http-datenschloss-eu\/"},"modified":"2021-08-30T07:33:48","modified_gmt":"2021-08-30T06:33:48","slug":"willkommen-im-datenschloss","status":"publish","type":"page","link":"https:\/\/www.datenschloss.eu\/","title":{"rendered":"Willkommen im Datenschloss"},"content":{"rendered":"\n<p>Wir freuen uns Sie hier im Web bereits jetzt auf unserer \u00dcbergangsseite begr\u00fc\u00dfen zu d\u00fcrfen.<\/p>\n\n\n\n<figure class=\"wp-block-image size-large\"><img loading=\"lazy\" width=\"679\" height=\"350\" src=\"https:\/\/datenschloss.eu\/wp-content\/uploads\/2021\/08\/grafik.png\" alt=\"\" class=\"wp-image-116\" srcset=\"https:\/\/datenschloss.eu\/wp-content\/uploads\/2021\/08\/grafik.png 679w, https:\/\/datenschloss.eu\/wp-content\/uploads\/2021\/08\/grafik-480x247.png 480w\" sizes=\"(min-width: 0px) and (max-width: 480px) 480px, (min-width: 481px) 679px, 100vw\" \/><\/figure>\n\n\n\n<p><strong>Unsere Beratungsdienstleistung f\u00fcr Ihr Unternehmen:<\/strong><\/p>\n\n\n\n<ul><li>externer Datenschutzbeauftragter<\/li><li>externer IT-Sicherheitsbeauftragter<\/li><li>Consulting in den Bereichen IT- und Telekommunikation<\/li><li>IT-Sicherheit mit Cloud-Security<\/li><li>IT-Forensik<\/li><li>TK-Forensik<\/li><\/ul>\n\n\n\n<p><strong>Sie erreichen uns aktuell wie folgt:<\/strong><\/p>\n\n\n\n<div class=\"wp-block-media-text alignwide is-stacked-on-mobile\" style=\"grid-template-columns:20% auto\"><figure class=\"wp-block-media-text__media\"><img loading=\"lazy\" width=\"1024\" height=\"1024\" src=\"http:\/\/datenschloss.eu\/wp-content\/uploads\/2021\/04\/Logo_Datenschloss_153mm-1024x1024.png\" alt=\"\" class=\"wp-image-45 size-full\" srcset=\"http:\/\/datenschloss.eu\/wp-content\/uploads\/2021\/04\/Logo_Datenschloss_153mm-980x980.png 980w, http:\/\/datenschloss.eu\/wp-content\/uploads\/2021\/04\/Logo_Datenschloss_153mm-480x480.png 480w\" sizes=\"(min-width: 0px) and (max-width: 480px) 480px, (min-width: 481px) and (max-width: 980px) 980px, (min-width: 981px) 1024px, 100vw\" \/><\/figure><div class=\"wp-block-media-text__content\">\n<p>Datenschloss GmbH<br>Dipl.-Ing. Marius Schommer<br>Zum Schickerhof 46<br>47877 Willich<br>info [at] datenschloss.eu<br>Registergericht: Amtsgericht Krefeld, HRB 18187<br>USt-Id-Nr: DE339071168<\/p>\n<\/div><\/div>\n\n\n\n<p><\/p>\n","protected":false},"excerpt":{"rendered":"<p>Wir freuen uns Sie hier im Web bereits jetzt auf unserer \u00dcbergangsseite begr\u00fc\u00dfen zu d\u00fcrfen. Unsere Beratungsdienstleistung f\u00fcr Ihr Unternehmen: externer Datenschutzbeauftragter externer IT-Sicherheitsbeauftragter Consulting in den Bereichen IT- und Telekommunikation IT-Sicherheit mit Cloud-Security IT-Forensik TK-Forensik Sie erreichen uns aktuell wie folgt: Datenschloss GmbHDipl.-Ing. Marius SchommerZum Schickerhof 4647877 Willichinfo [at] datenschloss.euRegistergericht: Amtsgericht Krefeld, HRB 18187USt-Id-Nr: [&hellip;]<\/p>\n","protected":false},"author":1,"featured_media":0,"parent":0,"menu_order":0,"comment_status":"closed","ping_status":"closed","template":"","meta":{"_et_pb_use_builder":"off","_et_pb_old_content":"<!-- wp:paragraph -->\n<p>Wir freuen uns Sie hier im Web bereits jetzt auf unserer \u00dcbergangsseite begr\u00fc\u00dfen zu d\u00fcrfen.<\/p>\n<!-- \/wp:paragraph -->\n\n<!-- wp:image {\"id\":116,\"sizeSlug\":\"large\",\"linkDestination\":\"none\"} -->\n<figure class=\"wp-block-image size-large\"><img src=\"https:\/\/datenschloss.eu\/wp-content\/uploads\/2021\/08\/grafik.png\" alt=\"\" class=\"wp-image-116\"\/><\/figure>\n<!-- \/wp:image -->\n\n<!-- wp:paragraph -->\n<p><strong>Unsere Beratungsdienstleistung f\u00fcr Ihr Unternehmen:<\/strong><\/p>\n<!-- \/wp:paragraph -->\n\n<!-- wp:list -->\n<ul><li>externer Datenschutzbeauftragter<\/li><li>externer IT-Sicherheitsbeauftragter<\/li><li>Consulting in den Bereichen IT- und Telekommunikation<\/li><li>IT-Sicherheit mit Cloud-Security<\/li><li>IT-Forensik<\/li><li>TK-Forensik<\/li><\/ul>\n<!-- \/wp:list -->\n\n<!-- wp:paragraph -->\n<p><strong>Sie erreichen uns aktuell wie folgt:<\/strong><\/p>\n<!-- \/wp:paragraph -->\n\n<!-- wp:media-text {\"mediaId\":45,\"mediaType\":\"image\",\"mediaWidth\":19,\"imageFill\":false} -->\n<div class=\"wp-block-media-text alignwide is-stacked-on-mobile\" style=\"grid-template-columns:19% auto\"><figure class=\"wp-block-media-text__media\"><img src=\"http:\/\/datenschloss.eu\/wp-content\/uploads\/2021\/04\/Logo_Datenschloss_153mm-1024x1024.png\" alt=\"\" class=\"wp-image-45 size-full\"\/><\/figure><div class=\"wp-block-media-text__content\"><!-- wp:paragraph -->\n<p>Datenschloss GmbH<br>Dipl.-Ing. Marius Schommer<br>Zum Schickerhof 46<br>47877 Willich<br>info [at] datenschloss.eu<br>Registergericht: Amtsgericht Krefeld, HRB 18187<br>USt-Id-Nr: DE339071168<\/p>\n<!-- \/wp:paragraph --><\/div><\/div>\n<!-- \/wp:media-text -->\n\n<!-- wp:paragraph -->\n<p><\/p>\n<!-- \/wp:paragraph -->","_et_gb_content_width":""},"_links":{"self":[{"href":"https:\/\/www.datenschloss.eu\/index.php?rest_route=\/wp\/v2\/pages\/4"}],"collection":[{"href":"https:\/\/www.datenschloss.eu\/index.php?rest_route=\/wp\/v2\/pages"}],"about":[{"href":"https:\/\/www.datenschloss.eu\/index.php?rest_route=\/wp\/v2\/types\/page"}],"author":[{"embeddable":true,"href":"https:\/\/www.datenschloss.eu\/index.php?rest_route=\/wp\/v2\/users\/1"}],"replies":[{"embeddable":true,"href":"https:\/\/www.datenschloss.eu\/index.php?rest_route=%2Fwp%2Fv2%2Fcomments&post=4"}],"version-history":[{"count":35,"href":"https:\/\/www.datenschloss.eu\/index.php?rest_route=\/wp\/v2\/pages\/4\/revisions"}],"predecessor-version":[{"id":135,"href":"https:\/\/www.datenschloss.eu\/index.php?rest_route=\/wp\/v2\/pages\/4\/revisions\/135"}],"wp:attachment":[{"href":"https:\/\/www.datenschloss.eu\/index.php?rest_route=%2Fwp%2Fv2%2Fmedia&parent=4"}],"curies":[{"name":"wp","href":"https:\/\/api.w.org\/{rel}","templated":true}]}}